{"id":809,"date":"2024-10-04T19:11:24","date_gmt":"2024-10-04T19:11:24","guid":{"rendered":"https:\/\/cbasicoing.umsa.edu.bo\/?page_id=809"},"modified":"2025-01-28T02:14:53","modified_gmt":"2025-01-28T02:14:53","slug":"convocatorias","status":"publish","type":"page","link":"https:\/\/cbasicoing.umsa.edu.bo\/index.php\/convocatorias\/","title":{"rendered":"Convocatorias"},"content":{"rendered":"\t\t<div data-elementor-type=\"wp-page\" data-elementor-id=\"809\" class=\"elementor elementor-809\" data-elementor-post-type=\"page\">\n\t\t\t\t\t\t<section class=\"elementor-section elementor-top-section elementor-element elementor-element-7ec64a0 elementor-section-boxed elementor-section-height-default elementor-section-height-default\" data-id=\"7ec64a0\" data-element_type=\"section\" data-e-type=\"section\">\n\t\t\t\t\t\t<div class=\"elementor-container elementor-column-gap-default\">\n\t\t\t\t\t<div class=\"elementor-column elementor-col-100 elementor-top-column elementor-element elementor-element-e5add0b\" data-id=\"e5add0b\" data-element_type=\"column\" data-e-type=\"column\">\n\t\t\t<div class=\"elementor-widget-wrap elementor-element-populated\">\n\t\t\t\t\t\t<div class=\"elementor-element elementor-element-e857bb7 elementor-widget elementor-widget-spacer\" data-id=\"e857bb7\" data-element_type=\"widget\" data-e-type=\"widget\" data-widget_type=\"spacer.default\">\n\t\t\t\t<div class=\"elementor-widget-container\">\n\t\t\t\t\t\t\t<div class=\"elementor-spacer\">\n\t\t\t<div class=\"elementor-spacer-inner\"><\/div>\n\t\t<\/div>\n\t\t\t\t\t\t<\/div>\n\t\t\t\t<\/div>\n\t\t\t\t\t<\/div>\n\t\t<\/div>\n\t\t\t\t\t<\/div>\n\t\t<\/section>\n\t\t\t\t<section class=\"elementor-section elementor-top-section elementor-element elementor-element-04f3afd elementor-section-boxed elementor-section-height-default elementor-section-height-default\" data-id=\"04f3afd\" data-element_type=\"section\" data-e-type=\"section\">\n\t\t\t\t\t\t\t<div class=\"elementor-background-overlay\"><\/div>\n\t\t\t\t\t\t\t<div class=\"elementor-container elementor-column-gap-default\">\n\t\t\t\t\t<div class=\"elementor-column elementor-col-100 elementor-top-column elementor-element elementor-element-d3ac77a\" data-id=\"d3ac77a\" data-element_type=\"column\" data-e-type=\"column\">\n\t\t\t<div class=\"elementor-widget-wrap elementor-element-populated\">\n\t\t\t\t\t\t<div class=\"elementor-element elementor-element-836d7ca elementor-grid-3 elementor-grid-tablet-2 elementor-grid-mobile-1 elementor-posts--thumbnail-top elementor-posts--show-avatar elementor-card-shadow-yes elementor-posts__hover-gradient elementor-widget elementor-widget-posts\" data-id=\"836d7ca\" data-element_type=\"widget\" data-e-type=\"widget\" data-settings=\"{&quot;pagination_type&quot;:&quot;numbers_and_prev_next&quot;,&quot;cards_columns&quot;:&quot;3&quot;,&quot;cards_columns_tablet&quot;:&quot;2&quot;,&quot;cards_columns_mobile&quot;:&quot;1&quot;,&quot;cards_row_gap&quot;:{&quot;unit&quot;:&quot;px&quot;,&quot;size&quot;:35,&quot;sizes&quot;:[]},&quot;cards_row_gap_tablet&quot;:{&quot;unit&quot;:&quot;px&quot;,&quot;size&quot;:&quot;&quot;,&quot;sizes&quot;:[]},&quot;cards_row_gap_mobile&quot;:{&quot;unit&quot;:&quot;px&quot;,&quot;size&quot;:&quot;&quot;,&quot;sizes&quot;:[]}}\" data-widget_type=\"posts.cards\">\n\t\t\t\t<div class=\"elementor-widget-container\">\n\t\t\t\t\t\t\t<div class=\"elementor-posts-container elementor-posts elementor-posts--skin-cards elementor-grid\" role=\"list\">\n\t\t\t\t<article class=\"elementor-post elementor-grid-item post-5334 post type-post status-publish format-image hentry category-convocatorias post_format-post-format-image\" role=\"listitem\">\n\t\t\t<div class=\"elementor-post__card\">\n\t\t\t\t<div class=\"elementor-post__text\">\n\t\t\t\t<h3 class=\"elementor-post__title\">\n\t\t\t<a href=\"https:\/\/cbasicoing.umsa.edu.bo\/index.php\/inscripcion-de-estudiantes-al-curso-de-temporada-verano-2026-conv-c-temp-ver-13-2025\/\" target=&quot;_blank&quot;>\n\t\t\t\tINSCRIPCI\u00d3N DE ESTUDIANTES AL CURSO DE TEMPORADA &#8211; VERANO 2026 &#8211; CONV. C.TEMP.VER.-13\/2025\t\t\t<\/a>\n\t\t<\/h3>\n\t\t\t\t\t<div class=\"elementor-post__read-more-wrapper\">\n\t\t\n\t\t<a class=\"elementor-post__read-more\" href=\"https:\/\/cbasicoing.umsa.edu.bo\/index.php\/inscripcion-de-estudiantes-al-curso-de-temporada-verano-2026-conv-c-temp-ver-13-2025\/\" aria-label=\"M\u00e1s informaci\u00f3n sobre INSCRIPCI\u00d3N DE ESTUDIANTES AL CURSO DE TEMPORADA &#8211; VERANO 2026 &#8211; CONV. C.TEMP.VER.-13\/2025\" tabindex=\"-1\" target=\"_blank\">\n\t\t\tLeer m\u00e1s \u00bb\t\t<\/a>\n\n\t\t\t\t\t<\/div>\n\t\t\t\t<\/div>\n\t\t\t\t<div class=\"elementor-post__meta-data\">\n\t\t\t\t\t<span class=\"elementor-post-date\">\n\t\t\tdiciembre 11, 2025\t\t<\/span>\n\t\t\t\t<\/div>\n\t\t\t\t\t<\/div>\n\t\t<\/article>\n\t\t\t\t<article class=\"elementor-post elementor-grid-item post-5329 post type-post status-publish format-image hentry category-convocatorias post_format-post-format-image\" role=\"listitem\">\n\t\t\t<div class=\"elementor-post__card\">\n\t\t\t\t<div class=\"elementor-post__text\">\n\t\t\t\t<h3 class=\"elementor-post__title\">\n\t\t\t<a href=\"https:\/\/cbasicoing.umsa.edu.bo\/index.php\/concurso-de-meritos-y-examen-de-competencia-para-auxiliares-de-docencia-2026-segunda-convocatoria-n-18-2025\/\" target=&quot;_blank&quot;>\n\t\t\t\tCONCURSO DE M\u00c9RITOS Y EXAMEN DE COMPETENCIA PARA AUXILIARES DE DOCENCIA 2026 \u2014 SEGUNDA CONVOCATORIA N\u00b0 18\/2025\t\t\t<\/a>\n\t\t<\/h3>\n\t\t\t\t\t<div class=\"elementor-post__read-more-wrapper\">\n\t\t\n\t\t<a class=\"elementor-post__read-more\" href=\"https:\/\/cbasicoing.umsa.edu.bo\/index.php\/concurso-de-meritos-y-examen-de-competencia-para-auxiliares-de-docencia-2026-segunda-convocatoria-n-18-2025\/\" aria-label=\"M\u00e1s informaci\u00f3n sobre CONCURSO DE M\u00c9RITOS Y EXAMEN DE COMPETENCIA PARA AUXILIARES DE DOCENCIA 2026 \u2014 SEGUNDA CONVOCATORIA N\u00b0 18\/2025\" tabindex=\"-1\" target=\"_blank\">\n\t\t\tLeer m\u00e1s \u00bb\t\t<\/a>\n\n\t\t\t\t\t<\/div>\n\t\t\t\t<\/div>\n\t\t\t\t<div class=\"elementor-post__meta-data\">\n\t\t\t\t\t<span class=\"elementor-post-date\">\n\t\t\tdiciembre 10, 2025\t\t<\/span>\n\t\t\t\t<\/div>\n\t\t\t\t\t<\/div>\n\t\t<\/article>\n\t\t\t\t<article class=\"elementor-post elementor-grid-item post-5321 post type-post status-publish format-image hentry category-comunicados category-convocatorias post_format-post-format-image\" role=\"listitem\">\n\t\t\t<div class=\"elementor-post__card\">\n\t\t\t\t<div class=\"elementor-post__text\">\n\t\t\t\t<h3 class=\"elementor-post__title\">\n\t\t\t<a href=\"https:\/\/cbasicoing.umsa.edu.bo\/index.php\/examen-final-y-recuperatorio-presencial-semestre-ii-2025-del-lunes-08-al-viernes-12-de-diciembre-de-2025\/\" target=&quot;_blank&quot;>\n\t\t\t\tEXAMEN FINAL Y RECUPERATORIO PRESENCIAL, SEMESTRE II\/2025, (DEL LUNES 08 AL VIERNES 12 DE DICIEMBRE DE 2025)\t\t\t<\/a>\n\t\t<\/h3>\n\t\t\t\t\t<div class=\"elementor-post__read-more-wrapper\">\n\t\t\n\t\t<a class=\"elementor-post__read-more\" href=\"https:\/\/cbasicoing.umsa.edu.bo\/index.php\/examen-final-y-recuperatorio-presencial-semestre-ii-2025-del-lunes-08-al-viernes-12-de-diciembre-de-2025\/\" aria-label=\"M\u00e1s informaci\u00f3n sobre EXAMEN FINAL Y RECUPERATORIO PRESENCIAL, SEMESTRE II\/2025, (DEL LUNES 08 AL VIERNES 12 DE DICIEMBRE DE 2025)\" tabindex=\"-1\" target=\"_blank\">\n\t\t\tLeer m\u00e1s \u00bb\t\t<\/a>\n\n\t\t\t\t\t<\/div>\n\t\t\t\t<\/div>\n\t\t\t\t<div class=\"elementor-post__meta-data\">\n\t\t\t\t\t<span class=\"elementor-post-date\">\n\t\t\tdiciembre 3, 2025\t\t<\/span>\n\t\t\t\t<\/div>\n\t\t\t\t\t<\/div>\n\t\t<\/article>\n\t\t\t\t<article class=\"elementor-post elementor-grid-item post-5307 post type-post status-publish format-image hentry category-comunicados category-convocatorias post_format-post-format-image\" role=\"listitem\">\n\t\t\t<div class=\"elementor-post__card\">\n\t\t\t\t<div class=\"elementor-post__text\">\n\t\t\t\t<h3 class=\"elementor-post__title\">\n\t\t\t<a href=\"https:\/\/cbasicoing.umsa.edu.bo\/index.php\/primera-convocatoria-n-16-2025-concurso-de-meritos-y-examen-de-competencia-para-auxiliares-de-docencia-gestion-2026-curso-basico-facultad-de-ingenieria-resultados-finales-concurso-de-merito\/\" target=&quot;_blank&quot;>\n\t\t\t\tPRIMERA CONVOCATORIA N 16\/2025  CONCURSO DE MERITOS Y EXAMEN DE COMPETENCIA PARA AUXILIARES DE DOCENCIA GESTI\u00d3N 2026  CURSO BASICO &#8211; FACULTAD DE INGENIER\u00cdA\u00a0  RESULTADOS FINALES CONCURSO DE MERITOS Y EXAMEN DE COMPETENCIA\t\t\t<\/a>\n\t\t<\/h3>\n\t\t\t\t\t<div class=\"elementor-post__read-more-wrapper\">\n\t\t\n\t\t<a class=\"elementor-post__read-more\" href=\"https:\/\/cbasicoing.umsa.edu.bo\/index.php\/primera-convocatoria-n-16-2025-concurso-de-meritos-y-examen-de-competencia-para-auxiliares-de-docencia-gestion-2026-curso-basico-facultad-de-ingenieria-resultados-finales-concurso-de-merito\/\" aria-label=\"M\u00e1s informaci\u00f3n sobre PRIMERA CONVOCATORIA N 16\/2025  CONCURSO DE MERITOS Y EXAMEN DE COMPETENCIA PARA AUXILIARES DE DOCENCIA GESTI\u00d3N 2026  CURSO BASICO &#8211; FACULTAD DE INGENIER\u00cdA\u00a0  RESULTADOS FINALES CONCURSO DE MERITOS Y EXAMEN DE COMPETENCIA\" tabindex=\"-1\" target=\"_blank\">\n\t\t\tLeer m\u00e1s \u00bb\t\t<\/a>\n\n\t\t\t\t\t<\/div>\n\t\t\t\t<\/div>\n\t\t\t\t<div class=\"elementor-post__meta-data\">\n\t\t\t\t\t<span class=\"elementor-post-date\">\n\t\t\tnoviembre 29, 2025\t\t<\/span>\n\t\t\t\t<\/div>\n\t\t\t\t\t<\/div>\n\t\t<\/article>\n\t\t\t\t<article class=\"elementor-post elementor-grid-item post-5271 post type-post status-publish format-image hentry category-comunicados category-convocatorias post_format-post-format-image\" role=\"listitem\">\n\t\t\t<div class=\"elementor-post__card\">\n\t\t\t\t<div class=\"elementor-post__text\">\n\t\t\t\t<h3 class=\"elementor-post__title\">\n\t\t\t<a href=\"https:\/\/cbasicoing.umsa.edu.bo\/index.php\/examen-escrito-para-auxiliares-de-curso-de-verano-2026\/\" target=&quot;_blank&quot;>\n\t\t\t\tEXAMEN ESCRITO PARA AUXILIARES DE CURSO DE VERANO 2026\t\t\t<\/a>\n\t\t<\/h3>\n\t\t\t\t\t<div class=\"elementor-post__read-more-wrapper\">\n\t\t\n\t\t<a class=\"elementor-post__read-more\" href=\"https:\/\/cbasicoing.umsa.edu.bo\/index.php\/examen-escrito-para-auxiliares-de-curso-de-verano-2026\/\" aria-label=\"M\u00e1s informaci\u00f3n sobre EXAMEN ESCRITO PARA AUXILIARES DE CURSO DE VERANO 2026\" tabindex=\"-1\" target=\"_blank\">\n\t\t\tLeer m\u00e1s \u00bb\t\t<\/a>\n\n\t\t\t\t\t<\/div>\n\t\t\t\t<\/div>\n\t\t\t\t<div class=\"elementor-post__meta-data\">\n\t\t\t\t\t<span class=\"elementor-post-date\">\n\t\t\tnoviembre 7, 2025\t\t<\/span>\n\t\t\t\t<\/div>\n\t\t\t\t\t<\/div>\n\t\t<\/article>\n\t\t\t\t<article class=\"elementor-post elementor-grid-item post-5269 post type-post status-publish format-image hentry category-comunicados category-convocatorias post_format-post-format-image\" role=\"listitem\">\n\t\t\t<div class=\"elementor-post__card\">\n\t\t\t\t<div class=\"elementor-post__text\">\n\t\t\t\t<h3 class=\"elementor-post__title\">\n\t\t\t<a href=\"https:\/\/cbasicoing.umsa.edu.bo\/index.php\/postulantes-auxiliares-temporada-verano-2026\/\" target=&quot;_blank&quot;>\n\t\t\t\tPOSTULANTES AUXILIARES TEMPORADA VERANO 2026\t\t\t<\/a>\n\t\t<\/h3>\n\t\t\t\t\t<div class=\"elementor-post__read-more-wrapper\">\n\t\t\n\t\t<a class=\"elementor-post__read-more\" href=\"https:\/\/cbasicoing.umsa.edu.bo\/index.php\/postulantes-auxiliares-temporada-verano-2026\/\" aria-label=\"M\u00e1s informaci\u00f3n sobre POSTULANTES AUXILIARES TEMPORADA VERANO 2026\" tabindex=\"-1\" target=\"_blank\">\n\t\t\tLeer m\u00e1s \u00bb\t\t<\/a>\n\n\t\t\t\t\t<\/div>\n\t\t\t\t<\/div>\n\t\t\t\t<div class=\"elementor-post__meta-data\">\n\t\t\t\t\t<span class=\"elementor-post-date\">\n\t\t\tnoviembre 5, 2025\t\t<\/span>\n\t\t\t\t<\/div>\n\t\t\t\t\t<\/div>\n\t\t<\/article>\n\t\t\t\t<\/div>\n\t\t\n\t\t\t\t<div class=\"e-load-more-anchor\" data-page=\"1\" data-max-page=\"11\" data-next-page=\"https:\/\/cbasicoing.umsa.edu.bo\/?e-page-836d7ca=2\"><\/div>\n\t\t\t\t<nav class=\"elementor-pagination\" aria-label=\"Paginaci\u00f3n\">\n\t\t\t<span class=\"page-numbers prev\">&laquo; Anterior<\/span>\n<span aria-current=\"page\" class=\"page-numbers current\"><span class=\"elementor-screen-only\">P\u00e1gina<\/span>1<\/span>\n<a class=\"page-numbers\" href=\"https:\/\/cbasicoing.umsa.edu.bo\/index.php\/wp-json\/wp\/v2\/pages\/809\/?e-page-836d7ca=2\"><span class=\"elementor-screen-only\">P\u00e1gina<\/span>2<\/a>\n<a class=\"page-numbers\" href=\"https:\/\/cbasicoing.umsa.edu.bo\/index.php\/wp-json\/wp\/v2\/pages\/809\/?e-page-836d7ca=3\"><span class=\"elementor-screen-only\">P\u00e1gina<\/span>3<\/a>\n<span class=\"page-numbers dots\">&hellip;<\/span>\n<a class=\"page-numbers\" href=\"https:\/\/cbasicoing.umsa.edu.bo\/index.php\/wp-json\/wp\/v2\/pages\/809\/?e-page-836d7ca=11\"><span class=\"elementor-screen-only\">P\u00e1gina<\/span>11<\/a>\n<a class=\"page-numbers next\" href=\"https:\/\/cbasicoing.umsa.edu.bo\/?e-page-836d7ca=2\">Siguiente &raquo;<\/a>\t\t<\/nav>\n\t\t\t\t\t\t<\/div>\n\t\t\t\t<\/div>\n\t\t\t\t\t<\/div>\n\t\t<\/div>\n\t\t\t\t\t<\/div>\n\t\t<\/section>\n\t\t\t\t<\/div>\n\t\t","protected":false},"excerpt":{"rendered":"","protected":false},"author":4,"featured_media":0,"parent":0,"menu_order":0,"comment_status":"closed","ping_status":"closed","template":"","meta":{"site-sidebar-layout":"no-sidebar","site-content-layout":"","ast-site-content-layout":"full-width-container","site-content-style":"default","site-sidebar-style":"default","ast-global-header-display":"","ast-banner-title-visibility":"","ast-main-header-display":"","ast-hfb-above-header-display":"","ast-hfb-below-header-display":"","ast-hfb-mobile-header-display":"","site-post-title":"disabled","ast-breadcrumbs-content":"","ast-featured-img":"disabled","footer-sml-layout":"","ast-disable-related-posts":"","theme-transparent-header-meta":"","adv-header-id-meta":"","stick-header-meta":"","header-above-stick-meta":"","header-main-stick-meta":"","header-below-stick-meta":"","astra-migrate-meta-layouts":"default","ast-page-background-enabled":"default","ast-page-background-meta":{"desktop":{"background-color":"var(--ast-global-color-4)","background-image":"","background-repeat":"repeat","background-position":"center center","background-size":"auto","background-attachment":"scroll","background-type":"","background-media":"","overlay-type":"","overlay-color":"","overlay-opacity":"","overlay-gradient":""},"tablet":{"background-color":"","background-image":"","background-repeat":"repeat","background-position":"center center","background-size":"auto","background-attachment":"scroll","background-type":"","background-media":"","overlay-type":"","overlay-color":"","overlay-opacity":"","overlay-gradient":""},"mobile":{"background-color":"","background-image":"","background-repeat":"repeat","background-position":"center center","background-size":"auto","background-attachment":"scroll","background-type":"","background-media":"","overlay-type":"","overlay-color":"","overlay-opacity":"","overlay-gradient":""}},"ast-content-background-meta":{"desktop":{"background-color":"var(--ast-global-color-5)","background-image":"","background-repeat":"repeat","background-position":"center center","background-size":"auto","background-attachment":"scroll","background-type":"","background-media":"","overlay-type":"","overlay-color":"","overlay-opacity":"","overlay-gradient":""},"tablet":{"background-color":"var(--ast-global-color-5)","background-image":"","background-repeat":"repeat","background-position":"center center","background-size":"auto","background-attachment":"scroll","background-type":"","background-media":"","overlay-type":"","overlay-color":"","overlay-opacity":"","overlay-gradient":""},"mobile":{"background-color":"var(--ast-global-color-5)","background-image":"","background-repeat":"repeat","background-position":"center center","background-size":"auto","background-attachment":"scroll","background-type":"","background-media":"","overlay-type":"","overlay-color":"","overlay-opacity":"","overlay-gradient":""}},"footnotes":""},"class_list":["post-809","page","type-page","status-publish","hentry"],"_links":{"self":[{"href":"https:\/\/cbasicoing.umsa.edu.bo\/index.php\/wp-json\/wp\/v2\/pages\/809","targetHints":{"allow":["GET"]}}],"collection":[{"href":"https:\/\/cbasicoing.umsa.edu.bo\/index.php\/wp-json\/wp\/v2\/pages"}],"about":[{"href":"https:\/\/cbasicoing.umsa.edu.bo\/index.php\/wp-json\/wp\/v2\/types\/page"}],"author":[{"embeddable":true,"href":"https:\/\/cbasicoing.umsa.edu.bo\/index.php\/wp-json\/wp\/v2\/users\/4"}],"replies":[{"embeddable":true,"href":"https:\/\/cbasicoing.umsa.edu.bo\/index.php\/wp-json\/wp\/v2\/comments?post=809"}],"version-history":[{"count":17,"href":"https:\/\/cbasicoing.umsa.edu.bo\/index.php\/wp-json\/wp\/v2\/pages\/809\/revisions"}],"predecessor-version":[{"id":5154,"href":"https:\/\/cbasicoing.umsa.edu.bo\/index.php\/wp-json\/wp\/v2\/pages\/809\/revisions\/5154"}],"wp:attachment":[{"href":"https:\/\/cbasicoing.umsa.edu.bo\/index.php\/wp-json\/wp\/v2\/media?parent=809"}],"curies":[{"name":"wp","href":"https:\/\/api.w.org\/{rel}","templated":true}]}}